{"id":14,"date":"2026-01-06T15:59:15","date_gmt":"2026-01-06T15:59:15","guid":{"rendered":"https:\/\/padangugarazas.lt\/home\/"},"modified":"2026-02-23T13:20:22","modified_gmt":"2026-02-23T13:20:22","slug":"home","status":"publish","type":"page","link":"https:\/\/padangugarazas.lt\/home\/","title":{"rendered":"Pagrindinis"},"content":{"rendered":"\t\t<div data-elementor-type=\"wp-page\" data-elementor-id=\"14\" class=\"elementor elementor-14\" data-elementor-post-type=\"page\">\n\t\t\t\t<div class=\"elementor-element elementor-element-3d70cac4 e-con-full e-flex e-con e-parent\" data-id=\"3d70cac4\" data-element_type=\"container\" id=\"next\">\n\t\t\t\t<div class=\"elementor-element elementor-element-13f51931 elementor-widget elementor-widget-heading\" data-id=\"13f51931\" data-element_type=\"widget\" data-widget_type=\"heading.default\">\n\t\t\t\t\t<h3 class=\"elementor-heading-title elementor-size-default\">PASLAUGOS<\/h3>\t\t\t\t<\/div>\n\t\t<div class=\"elementor-element elementor-element-6bf6af7e e-con-full e-flex e-con e-child\" data-id=\"6bf6af7e\" data-element_type=\"container\">\n\t\t<div class=\"elementor-element elementor-element-51937a15 e-con-full e-flex e-con e-child\" data-id=\"51937a15\" data-element_type=\"container\">\n\t\t\t\t<div class=\"elementor-element elementor-element-6d40d5da elementor-position-top elementor-widget elementor-widget-image-box\" data-id=\"6d40d5da\" data-element_type=\"widget\" data-widget_type=\"image-box.default\">\n\t\t\t\t\t<div class=\"elementor-image-box-wrapper\"><figure class=\"elementor-image-box-img\"><a href=\"#\" tabindex=\"-1\"><img fetchpriority=\"high\" decoding=\"async\" width=\"940\" height=\"788\" src=\"https:\/\/padangugarazas.lt\/wp-content\/uploads\/2026\/02\/4.png\" class=\"elementor-animation-grow attachment-full size-full wp-image-359\" alt=\"\" srcset=\"https:\/\/padangugarazas.lt\/wp-content\/uploads\/2026\/02\/4.png 940w, https:\/\/padangugarazas.lt\/wp-content\/uploads\/2026\/02\/4-300x251.png 300w, https:\/\/padangugarazas.lt\/wp-content\/uploads\/2026\/02\/4-768x644.png 768w\" sizes=\"(max-width: 940px) 100vw, 940px\" \/><\/a><\/figure><div class=\"elementor-image-box-content\"><h1 class=\"elementor-image-box-title\"><a href=\"#\">PADANG\u0172 MONTAVIMAS<\/a><\/h1><p class=\"elementor-image-box-description\">Laiku pakeistos padangos u\u017etikrins saug\u0173 va\u017eiavim\u0105 bet kuriuo sezono metu.<\/p><\/div><\/div>\t\t\t\t<\/div>\n\t\t\t\t<\/div>\n\t\t<div class=\"elementor-element elementor-element-36d47585 e-con-full e-flex e-con e-child\" data-id=\"36d47585\" data-element_type=\"container\">\n\t\t\t\t<div class=\"elementor-element elementor-element-1377ca4a elementor-position-top elementor-widget elementor-widget-image-box\" data-id=\"1377ca4a\" data-element_type=\"widget\" data-widget_type=\"image-box.default\">\n\t\t\t\t\t<div class=\"elementor-image-box-wrapper\"><figure class=\"elementor-image-box-img\"><a href=\"#\" tabindex=\"-1\"><img decoding=\"async\" width=\"940\" height=\"788\" src=\"https:\/\/padangugarazas.lt\/wp-content\/uploads\/2026\/02\/5.png\" class=\"elementor-animation-grow attachment-full size-full wp-image-360\" alt=\"\" srcset=\"https:\/\/padangugarazas.lt\/wp-content\/uploads\/2026\/02\/5.png 940w, https:\/\/padangugarazas.lt\/wp-content\/uploads\/2026\/02\/5-300x251.png 300w, https:\/\/padangugarazas.lt\/wp-content\/uploads\/2026\/02\/5-768x644.png 768w\" sizes=\"(max-width: 940px) 100vw, 940px\" \/><\/a><\/figure><div class=\"elementor-image-box-content\"><h1 class=\"elementor-image-box-title\"><a href=\"#\">RAT\u0172 BALANSAVIMAS<\/a><\/h1><p class=\"elementor-image-box-description\">Balansavimas tiksliomis Hunter stakl\u0117mis u\u017etiksins va\u017eiavim\u0105 be joki\u0173 vibracij\u0173.<\/p><\/div><\/div>\t\t\t\t<\/div>\n\t\t\t\t<\/div>\n\t\t<div class=\"elementor-element elementor-element-10bd5694 e-con-full e-flex e-con e-child\" data-id=\"10bd5694\" data-element_type=\"container\">\n\t\t\t\t<div class=\"elementor-element elementor-element-2297452 elementor-position-top elementor-widget elementor-widget-image-box\" data-id=\"2297452\" data-element_type=\"widget\" data-widget_type=\"image-box.default\">\n\t\t\t\t\t<div class=\"elementor-image-box-wrapper\"><figure class=\"elementor-image-box-img\"><a href=\"#\" tabindex=\"-1\"><img decoding=\"async\" width=\"940\" height=\"788\" src=\"https:\/\/padangugarazas.lt\/wp-content\/uploads\/2026\/01\/3.png\" class=\"elementor-animation-grow attachment-full size-full wp-image-28\" alt=\"\" srcset=\"https:\/\/padangugarazas.lt\/wp-content\/uploads\/2026\/01\/3.png 940w, https:\/\/padangugarazas.lt\/wp-content\/uploads\/2026\/01\/3-300x251.png 300w, https:\/\/padangugarazas.lt\/wp-content\/uploads\/2026\/01\/3-768x644.png 768w\" sizes=\"(max-width: 940px) 100vw, 940px\" \/><\/a><\/figure><div class=\"elementor-image-box-content\"><h1 class=\"elementor-image-box-title\"><a href=\"#\">PADANG\u0172 REMONTAS <\/a><\/h1><p class=\"elementor-image-box-description\">Vulkanizavimas \u0161altuoju ir kar\u0161tuoju b\u016bdu su kordini\u0173 lopu.<\/p><\/div><\/div>\t\t\t\t<\/div>\n\t\t\t\t<\/div>\n\t\t<div class=\"elementor-element elementor-element-3c0c0086 e-con-full e-flex e-con e-child\" data-id=\"3c0c0086\" data-element_type=\"container\">\n\t\t\t\t<div class=\"elementor-element elementor-element-59b423a elementor-position-top elementor-widget elementor-widget-image-box\" data-id=\"59b423a\" data-element_type=\"widget\" data-widget_type=\"image-box.default\">\n\t\t\t\t\t<div class=\"elementor-image-box-wrapper\"><figure class=\"elementor-image-box-img\"><a href=\"#\" tabindex=\"-1\"><img loading=\"lazy\" decoding=\"async\" width=\"940\" height=\"788\" src=\"https:\/\/padangugarazas.lt\/wp-content\/uploads\/2026\/01\/4.png\" class=\"elementor-animation-grow attachment-full size-full wp-image-29\" alt=\"\" srcset=\"https:\/\/padangugarazas.lt\/wp-content\/uploads\/2026\/01\/4.png 940w, https:\/\/padangugarazas.lt\/wp-content\/uploads\/2026\/01\/4-300x251.png 300w, https:\/\/padangugarazas.lt\/wp-content\/uploads\/2026\/01\/4-768x644.png 768w\" sizes=\"(max-width: 940px) 100vw, 940px\" \/><\/a><\/figure><div class=\"elementor-image-box-content\"><h1 class=\"elementor-image-box-title\"><a href=\"#\">PADANG\u0172 PASAUGOJIMAS  <\/a><\/h1><p class=\"elementor-image-box-description\">Padang\u0173 pasaugojimas iki kito sezono.<\/p><\/div><\/div>\t\t\t\t<\/div>\n\t\t\t\t<\/div>\n\t\t\t\t<\/div>\n\t\t\t\t<\/div>\n\t\t<div class=\"elementor-element elementor-element-63cf7278 e-flex e-con-boxed e-con e-parent\" data-id=\"63cf7278\" data-element_type=\"container\" data-settings=\"{&quot;background_background&quot;:&quot;classic&quot;}\">\n\t\t\t\t\t<div class=\"e-con-inner\">\n\t\t<div class=\"elementor-element elementor-element-4656ab71 e-con-full e-flex e-con e-child\" data-id=\"4656ab71\" data-element_type=\"container\">\n\t\t\t\t<div class=\"elementor-element elementor-element-7845dd23 elementor-widget-tablet__width-initial elementor-widget elementor-widget-heading\" data-id=\"7845dd23\" data-element_type=\"widget\" data-widget_type=\"heading.default\">\n\t\t\t\t\t<h1 class=\"elementor-heading-title elementor-size-default\">Paslaug\u0173 kainos<\/h1>\t\t\t\t<\/div>\n\t\t\t\t<div class=\"elementor-element elementor-element-25223408 elementor-widget-tablet__width-initial elementor-widget elementor-widget-text-editor\" data-id=\"25223408\" data-element_type=\"widget\" data-widget_type=\"text-editor.default\">\n\t\t\t\t\t\t\t\t\t<p>Kainos gali skirtis priklausomai nuo padang\u0173 matmen\u0173<\/p>\t\t\t\t\t\t\t\t<\/div>\n\t\t\t\t<div class=\"elementor-element elementor-element-1bf74ca6 elementor-mobile-align-center elementor-widget elementor-widget-button\" data-id=\"1bf74ca6\" data-element_type=\"widget\" data-widget_type=\"button.default\">\n\t\t\t\t\t\t\t\t\t\t<a class=\"elementor-button elementor-button-link elementor-size-sm\" href=\"https:\/\/padangugarazas.lt\/home\/?page_id=168\">\n\t\t\t\t\t\t<span class=\"elementor-button-content-wrapper\">\n\t\t\t\t\t\t\t\t\t<span class=\"elementor-button-text\">Registruokis <\/span>\n\t\t\t\t\t<\/span>\n\t\t\t\t\t<\/a>\n\t\t\t\t\t\t\t\t<\/div>\n\t\t\t\t<\/div>\n\t\t<div class=\"elementor-element elementor-element-75a91f14 e-con-full e-flex e-con e-child\" data-id=\"75a91f14\" data-element_type=\"container\">\n\t\t\t\t<div class=\"elementor-element elementor-element-54dd7a82 elementor-widget elementor-widget-image\" data-id=\"54dd7a82\" data-element_type=\"widget\" data-widget_type=\"image.default\">\n\t\t\t\t\t\t\t\t\t\t\t\t\t\t\t<img loading=\"lazy\" decoding=\"async\" width=\"940\" height=\"788\" src=\"https:\/\/padangugarazas.lt\/wp-content\/uploads\/2026\/01\/65-E-.png\" class=\"attachment-large size-large wp-image-189\" alt=\"\" srcset=\"https:\/\/padangugarazas.lt\/wp-content\/uploads\/2026\/01\/65-E-.png 940w, https:\/\/padangugarazas.lt\/wp-content\/uploads\/2026\/01\/65-E--300x251.png 300w, https:\/\/padangugarazas.lt\/wp-content\/uploads\/2026\/01\/65-E--768x644.png 768w\" sizes=\"(max-width: 940px) 100vw, 940px\" \/>\t\t\t\t\t\t\t\t\t\t\t\t\t\t\t<\/div>\n\t\t\t\t<\/div>\n\t\t\t\t\t<\/div>\n\t\t\t\t<\/div>\n\t\t<div class=\"elementor-element elementor-element-33e085cc e-con-full e-flex e-con e-parent\" data-id=\"33e085cc\" data-element_type=\"container\" data-settings=\"{&quot;background_background&quot;:&quot;classic&quot;}\">\n\t\t\t\t<div class=\"elementor-element elementor-element-fc3f060 elementor-widget elementor-widget-heading\" data-id=\"fc3f060\" data-element_type=\"widget\" data-widget_type=\"heading.default\">\n\t\t\t\t\t<h3 class=\"elementor-heading-title elementor-size-default\">Kod\u0117l  rinktis PADANG\u0172 GARA\u017d\u0104?<\/h3>\t\t\t\t<\/div>\n\t\t<div class=\"elementor-element elementor-element-5e8d2c97 e-con-full e-flex e-con e-child\" data-id=\"5e8d2c97\" data-element_type=\"container\">\n\t\t\t\t<div class=\"elementor-element elementor-element-68b577d0 elementor-widget__width-initial elementor-widget elementor-widget-icon-box\" data-id=\"68b577d0\" data-element_type=\"widget\" data-widget_type=\"icon-box.default\">\n\t\t\t\t\t\t\t<div class=\"elementor-icon-box-wrapper\">\n\n\t\t\t\n\t\t\t\t\t\t<div class=\"elementor-icon-box-content\">\n\n\t\t\t\t\t\t\t\t\t<h4 class=\"elementor-icon-box-title\">\n\t\t\t\t\t\t<span  >\n\t\t\t\t\t\t\t10+ met\u0173 patirtis\t\t\t\t\t\t<\/span>\n\t\t\t\t\t<\/h4>\n\t\t\t\t\n\t\t\t\t\t\t\t\t\t<p class=\"elementor-icon-box-description\">\n\t\t\t\t\t\tPadang\u0173 montavimo srityje\t\t\t\t\t<\/p>\n\t\t\t\t\n\t\t\t<\/div>\n\t\t\t\n\t\t<\/div>\n\t\t\t\t\t\t<\/div>\n\t\t\t\t<div class=\"elementor-element elementor-element-4a5988ee elementor-widget__width-initial elementor-widget elementor-widget-icon-box\" data-id=\"4a5988ee\" data-element_type=\"widget\" data-widget_type=\"icon-box.default\">\n\t\t\t\t\t\t\t<div class=\"elementor-icon-box-wrapper\">\n\n\t\t\t\n\t\t\t\t\t\t<div class=\"elementor-icon-box-content\">\n\n\t\t\t\t\t\t\t\t\t<h4 class=\"elementor-icon-box-title\">\n\t\t\t\t\t\t<span  >\n\t\t\t\t\t\t\tPatogus atsiskaitymas\t\t\t\t\t\t<\/span>\n\t\t\t\t\t<\/h4>\n\t\t\t\t\n\t\t\t\t\t\t\t\t\t<p class=\"elementor-icon-box-description\">\n\t\t\t\t\t\tGalima atsiskaityti grynais pinigais arba bankine kortele\t\t\t\t\t<\/p>\n\t\t\t\t\n\t\t\t<\/div>\n\t\t\t\n\t\t<\/div>\n\t\t\t\t\t\t<\/div>\n\t\t\t\t<div class=\"elementor-element elementor-element-148e012e elementor-widget__width-initial elementor-widget elementor-widget-icon-box\" data-id=\"148e012e\" data-element_type=\"widget\" data-widget_type=\"icon-box.default\">\n\t\t\t\t\t\t\t<div class=\"elementor-icon-box-wrapper\">\n\n\t\t\t\n\t\t\t\t\t\t<div class=\"elementor-icon-box-content\">\n\n\t\t\t\t\t\t\t\t\t<h4 class=\"elementor-icon-box-title\">\n\t\t\t\t\t\t<span  >\n\t\t\t\t\t\t\tRegistracija online\t\t\t\t\t\t<\/span>\n\t\t\t\t\t<\/h4>\n\t\t\t\t\n\t\t\t\t\t\t\t\t\t<p class=\"elementor-icon-box-description\">\n\t\t\t\t\t\tGalite registruotis betkada, nereikia gai\u0161ti laiko skambu\u010diams ir laiko derinimui telefonu\t\t\t\t\t<\/p>\n\t\t\t\t\n\t\t\t<\/div>\n\t\t\t\n\t\t<\/div>\n\t\t\t\t\t\t<\/div>\n\t\t\t\t<\/div>\n\t\t\t\t<\/div>\n\t\t<div class=\"elementor-element elementor-element-2dfab664 e-flex e-con-boxed e-con e-parent\" data-id=\"2dfab664\" data-element_type=\"container\">\n\t\t\t\t\t<div class=\"e-con-inner\">\n\t\t\t\t<div class=\"elementor-element elementor-element-166226f7 elementor-widget elementor-widget-heading\" data-id=\"166226f7\" data-element_type=\"widget\" data-widget_type=\"heading.default\">\n\t\t\t\t\t<h3 class=\"elementor-heading-title elementor-size-default\">Mus rasite<\/h3>\t\t\t\t<\/div>\n\t\t\t\t<div class=\"elementor-element elementor-element-6cec8f1 elementor-widget elementor-widget-google_maps\" data-id=\"6cec8f1\" data-element_type=\"widget\" data-widget_type=\"google_maps.default\">\n\t\t\t\t\t\t\t<div class=\"elementor-custom-embed\">\n\t\t\t<iframe loading=\"lazy\"\n\t\t\t\t\tsrc=\"https:\/\/maps.google.com\/maps?q=54.93750038463713%2C%2023.88905221013463&#038;t=m&#038;z=12&#038;output=embed&#038;iwloc=near\"\n\t\t\t\t\ttitle=\"54.93750038463713, 23.88905221013463\"\n\t\t\t\t\taria-label=\"54.93750038463713, 23.88905221013463\"\n\t\t\t><\/iframe>\n\t\t<\/div>\n\t\t\t\t\t\t<\/div>\n\t\t\t\t\t<\/div>\n\t\t\t\t<\/div>\n\t\t<footer class=\"elementor-element elementor-element-697e5729 e-con-full e-flex e-con e-parent\" data-id=\"697e5729\" data-element_type=\"container\">\n\t\t<div class=\"elementor-element elementor-element-55b91370 e-con-full e-flex e-con e-child\" data-id=\"55b91370\" data-element_type=\"container\">\n\t\t\t\t<div class=\"elementor-element elementor-element-38b6485a elementor-icon-list--layout-inline elementor-tablet-align-center elementor-align-center elementor-list-item-link-full_width elementor-widget elementor-widget-icon-list\" data-id=\"38b6485a\" data-element_type=\"widget\" data-widget_type=\"icon-list.default\">\n\t\t\t\t\t\t\t<ul class=\"elementor-icon-list-items elementor-inline-items\">\n\t\t\t\t\t\t\t<li class=\"elementor-icon-list-item elementor-inline-item\">\n\t\t\t\t\t\t\t\t\t\t<span class=\"elementor-icon-list-text\">Tel.: +370 609 01250<\/span>\n\t\t\t\t\t\t\t\t\t<\/li>\n\t\t\t\t\t\t\t\t<li class=\"elementor-icon-list-item elementor-inline-item\">\n\t\t\t\t\t\t\t\t\t\t<span class=\"elementor-icon-list-text\">Kur\u0161i\u0173 g 7. Kaunas 48107 <\/span>\n\t\t\t\t\t\t\t\t\t<\/li>\n\t\t\t\t\t\t\t\t<li class=\"elementor-icon-list-item elementor-inline-item\">\n\t\t\t\t\t\t\t\t\t\t<span class=\"elementor-icon-list-text\">I-V 9:00 - 18:00  VI 9:00 - 14:00PM<\/span>\n\t\t\t\t\t\t\t\t\t<\/li>\n\t\t\t\t\t\t<\/ul>\n\t\t\t\t\t\t<\/div>\n\t\t\t\t<\/div>\n\t\t\t\t<\/footer>\n\t\t<div class=\"elementor-element elementor-element-681d1ba0 e-con-full e-flex e-con e-parent\" data-id=\"681d1ba0\" data-element_type=\"container\" data-settings=\"{&quot;background_background&quot;:&quot;classic&quot;}\">\n\t\t\t\t<div class=\"elementor-element elementor-element-ad058d0 elementor-widget elementor-widget-heading\" data-id=\"ad058d0\" data-element_type=\"widget\" data-widget_type=\"heading.default\">\n\t\t\t\t\t<p class=\"elementor-heading-title elementor-size-default\">\u00a9 Visos teis\u0117s saugomos.<\/p>\t\t\t\t<\/div>\n\t\t\t\t<\/div>\n\t\t\t\t<\/div>\n\t\t","protected":false},"excerpt":{"rendered":"<p>PASLAUGOS PADANG\u0172 MONTAVIMAS Laiku pakeistos padangos u\u017etikrins saug\u0173 va\u017eiavim\u0105 bet kuriuo sezono metu. RAT\u0172 BALANSAVIMAS Balansavimas tiksliomis Hunter stakl\u0117mis u\u017etiksins va\u017eiavim\u0105 be joki\u0173 vibracij\u0173. PADANG\u0172 REMONTAS Vulkanizavimas \u0161altuoju ir kar\u0161tuoju b\u016bdu su kordini\u0173 lopu. PADANG\u0172 PASAUGOJIMAS Padang\u0173 pasaugojimas iki kito sezono. Paslaug\u0173 kainos Kainos gali skirtis priklausomai nuo padang\u0173 matmen\u0173 Registruokis Kod\u0117l rinktis PADANG\u0172 GARA\u017d\u0104? [&hellip;]<\/p>\n","protected":false},"author":1,"featured_media":0,"parent":0,"menu_order":0,"comment_status":"closed","ping_status":"closed","template":"","meta":{"footnotes":""},"class_list":["post-14","page","type-page","status-publish","hentry"],"_hostinger_reach_plugin_has_subscription_block":false,"_hostinger_reach_plugin_is_elementor":false,"_links":{"self":[{"href":"https:\/\/padangugarazas.lt\/home\/index.php?rest_route=\/wp\/v2\/pages\/14","targetHints":{"allow":["GET"]}}],"collection":[{"href":"https:\/\/padangugarazas.lt\/home\/index.php?rest_route=\/wp\/v2\/pages"}],"about":[{"href":"https:\/\/padangugarazas.lt\/home\/index.php?rest_route=\/wp\/v2\/types\/page"}],"author":[{"embeddable":true,"href":"https:\/\/padangugarazas.lt\/home\/index.php?rest_route=\/wp\/v2\/users\/1"}],"replies":[{"embeddable":true,"href":"https:\/\/padangugarazas.lt\/home\/index.php?rest_route=%2Fwp%2Fv2%2Fcomments&post=14"}],"version-history":[{"count":61,"href":"https:\/\/padangugarazas.lt\/home\/index.php?rest_route=\/wp\/v2\/pages\/14\/revisions"}],"predecessor-version":[{"id":363,"href":"https:\/\/padangugarazas.lt\/home\/index.php?rest_route=\/wp\/v2\/pages\/14\/revisions\/363"}],"wp:attachment":[{"href":"https:\/\/padangugarazas.lt\/home\/index.php?rest_route=%2Fwp%2Fv2%2Fmedia&parent=14"}],"curies":[{"name":"wp","href":"https:\/\/api.w.org\/{rel}","templated":true}]}}