{"id":168,"date":"2026-01-06T15:59:15","date_gmt":"2026-01-06T15:59:15","guid":{"rendered":"https:\/\/padangugarazas.lt\/home\/?page_id=168"},"modified":"2026-01-23T15:31:46","modified_gmt":"2026-01-23T15:31:46","slug":"registracija","status":"publish","type":"page","link":"https:\/\/padangugarazas.lt\/home\/?page_id=168","title":{"rendered":""},"content":{"rendered":"\t\t<div data-elementor-type=\"wp-page\" data-elementor-id=\"168\" class=\"elementor elementor-168\" data-elementor-post-type=\"page\">\n\t\t\t\t<div class=\"elementor-element elementor-element-6826754 e-flex e-con-boxed e-con e-parent\" data-id=\"6826754\" data-element_type=\"container\">\n\t\t\t\t\t<div class=\"e-con-inner\">\n\t\t<div class=\"elementor-element elementor-element-e1e8a00 e-con-full e-flex e-con e-child\" data-id=\"e1e8a00\" data-element_type=\"container\">\n\t\t\t\t<div class=\"elementor-element elementor-element-c6b946a elementor-widget elementor-widget-image\" data-id=\"c6b946a\" data-element_type=\"widget\" data-widget_type=\"image.default\">\n\t\t\t\t\t\t\t\t\t\t\t\t\t\t\t<img fetchpriority=\"high\" decoding=\"async\" width=\"354\" height=\"177\" src=\"https:\/\/padangugarazas.lt\/wp-content\/uploads\/2026\/01\/Untitled-design-1.png\" class=\"attachment-large size-large wp-image-270\" alt=\"\" srcset=\"https:\/\/padangugarazas.lt\/wp-content\/uploads\/2026\/01\/Untitled-design-1.png 354w, https:\/\/padangugarazas.lt\/wp-content\/uploads\/2026\/01\/Untitled-design-1-300x150.png 300w\" sizes=\"(max-width: 354px) 100vw, 354px\" \/>\t\t\t\t\t\t\t\t\t\t\t\t\t\t\t<\/div>\n\t\t\t\t<\/div>\n\t\t<div class=\"elementor-element elementor-element-92b1563 e-con-full e-flex e-con e-child\" data-id=\"92b1563\" data-element_type=\"container\">\n\t\t\t\t<div class=\"elementor-element elementor-element-80ab759 elementor-widget elementor-widget-text-editor\" data-id=\"80ab759\" data-element_type=\"widget\" data-settings=\"{&quot;motion_fx_motion_fx_scrolling&quot;:&quot;yes&quot;,&quot;motion_fx_devices&quot;:[&quot;desktop&quot;,&quot;tablet&quot;,&quot;mobile&quot;]}\" data-widget_type=\"text-editor.default\">\n\t\t\t\t\t\t\t\t\t<h2><span style=\"font-size: 16px;\">Padang\u0173 gara\u017eas si\u016blo patog\u0173 padang\u0173 montavimo ir balansavimo servis\u0105 Kaune. M\u016bs\u0173 online registracijos sistema leid\u017eia pasirinkti Jums tinkamiausi\u0105 laik\u0105 be jokio laukimo eil\u0117se ir atsiskaityti kortele. Vos keli \u017eingsniai ir J\u016bs\u0173 automobilis pasiruo\u0161\u0119s sezonui \u2013 patogu, greita ir patikima.<\/span><\/h2>\t\t\t\t\t\t\t\t<\/div>\n\t\t\t\t<\/div>\n\t\t\t\t\t<\/div>\n\t\t\t\t<\/div>\n\t\t<div class=\"elementor-element elementor-element-b77dc09 e-flex e-con-boxed e-con e-parent\" data-id=\"b77dc09\" data-element_type=\"container\">\n\t\t\t\t\t<div class=\"e-con-inner\">\n\t\t<div class=\"elementor-element elementor-element-fb15d96 e-con-full e-flex e-con e-child\" data-id=\"fb15d96\" data-element_type=\"container\">\n\t\t\t\t<div class=\"elementor-element elementor-element-9afa8fa elementor-widget elementor-widget-text-editor\" data-id=\"9afa8fa\" data-element_type=\"widget\" data-widget_type=\"text-editor.default\">\n\t\t\t\t\t\t\t\t\t<!--\nPlugin Name: Bookly - Responsive WordPress Appointment Booking and Scheduling Plugin\nPlugin URI: https:\/\/www.booking-wp-plugin.com\/?utm_source=bookly_admin&utm_medium=plugins_page&utm_campaign=plugins_page\nVersion: 26.3-->\n<style type=\"text\/css\">\n    :root {\n        --bookly-main-color: #0048ff !important;\n        --bookly-color: #0048ff !important;\n    }\n\n        \/* Hide \"Convenient time\" block completely *\/\n.bookly-time-range,\n.bookly-week-days,\n.bookly-date-from,\n.bookly-preferred-time,\n.bookly-time-filter {\n    display: none !important;\n}    <\/style><div class=\"bookly-css-root\">\n    <div id=\"bookly-form-69e826b2dff29\" class=\"bookly-form\" data-form_id=\"69e826b2dff29\" aria-live=\"polite\">\n        <div style=\"text-align: center\"><img decoding=\"async\" src=\"https:\/\/padangugarazas.lt\/wp-includes\/js\/tinymce\/skins\/lightgray\/img\/loader.gif\" alt=\"Loading...\"\/><\/div>\n    <\/div>\n<\/div>\n<script type=\"text\/javascript\">\n    (function (win, fn) {\n        var done = false, top = true,\n            doc = win.document,\n            root = doc.documentElement,\n            modern = doc.addEventListener,\n            add = modern ? 'addEventListener' : 'attachEvent',\n            rem = modern ? 'removeEventListener' : 'detachEvent',\n            pre = modern ? '' : 'on',\n            init = function (e) {\n                if (e.type == 'readystatechange') if (doc.readyState != 'complete') return;\n                (e.type == 'load' ? win : doc)[rem](pre + e.type, init, false);\n                if (!done) {\n                    done = true;\n                    fn.call(win, e.type || e);\n                }\n            },\n            poll = function () {\n                try {\n                    root.doScroll('left');\n                } catch (e) {\n                    setTimeout(poll, 50);\n                    return;\n                }\n                init('poll');\n            };\n        if (doc.readyState == 'complete') fn.call(win, 'lazy');\n        else {\n            if (!modern) if (root.doScroll) {\n                try {\n                    top = !win.frameElement;\n                } catch (e) {\n                }\n                if (top) poll();\n            }\n            doc[add](pre + 'DOMContentLoaded', init, false);\n            doc[add](pre + 'readystatechange', init, false);\n            win[add](pre + 'load', init, false);\n        }\n    })(window, function () {\n        window.bookly( {\"form_id\":\"69e826b2dff29\",\"status\":{\"booking\":\"new\"},\"skip_steps\":{\"service_part1\":0,\"service_part2\":0,\"extras\":1,\"time\":0,\"repeat\":1,\"cart\":1},\"errors\":{\"session_error\":\"Session error.\",\"form_id_error\":\"Form ID error.\",\"cart_item_not_available\":\"The selected time is not available anymore. Please, choose another time slot.\",\"pay_locally_not_available\":\"Pay locally is not available.\",\"invalid_gateway\":\"Invalid gateway.\",\"payment_error\":\"Error.\",\"incorrect_username_password\":\"Neteisingas vartotojo vardas ar slapta\\u017eodis.\"},\"form_attributes\":{\"hide_categories\":false,\"hide_services\":false,\"hide_staff_members\":false,\"show_number_of_persons\":false,\"hide_service_duration\":true,\"hide_locations\":true,\"hide_quantity\":true,\"hide_date\":false,\"hide_week_days\":false,\"hide_time_range\":false},\"use_client_time_zone\":0,\"defaults\":{\"service_id\":1,\"staff_id\":1,\"location_id\":0,\"category_id\":-1},\"datepicker_mode\":\"text-accent\",\"facebook\":{\"enabled\":0,\"appId\":\"\"},\"stripe\":{\"enabled\":1}} );\n    });\n<\/script>\t\t\t\t\t\t\t\t<\/div>\n\t\t\t\t<\/div>\n\t\t\t\t\t<\/div>\n\t\t\t\t<\/div>\n\t\t<div class=\"elementor-element elementor-element-63cf7278 e-flex e-con-boxed e-con e-parent\" data-id=\"63cf7278\" data-element_type=\"container\" data-settings=\"{&quot;background_background&quot;:&quot;classic&quot;}\">\n\t\t\t\t\t<div class=\"e-con-inner\">\n\t\t<div class=\"elementor-element elementor-element-4656ab71 e-con-full e-flex e-con e-child\" data-id=\"4656ab71\" data-element_type=\"container\">\n\t\t\t\t<div class=\"elementor-element elementor-element-7845dd23 elementor-widget elementor-widget-heading\" data-id=\"7845dd23\" data-element_type=\"widget\" data-widget_type=\"heading.default\">\n\t\t\t\t\t<h1 class=\"elementor-heading-title elementor-size-default\">Sumok\u0117k vietoje telefonu su Stripe<\/h1>\t\t\t\t<\/div>\n\t\t\t\t<div class=\"elementor-element elementor-element-25223408 elementor-widget elementor-widget-text-editor\" data-id=\"25223408\" data-element_type=\"widget\" data-widget_type=\"text-editor.default\">\n\t\t\t\t\t\t\t\t\t<p><span style=\"letter-spacing: 0px; word-spacing: 0em;\">Nuskai\u010dius QR <\/span><span style=\"letter-spacing: 0px; word-spacing: 0em;\">mok\u0117k kortele , Apple pay ar Google pay.<\/span><\/p>\t\t\t\t\t\t\t\t<\/div>\n\t\t\t\t<\/div>\n\t\t<div class=\"elementor-element elementor-element-75a91f14 e-con-full e-flex e-con e-child\" data-id=\"75a91f14\" data-element_type=\"container\">\n\t\t\t\t<div class=\"elementor-element elementor-element-54dd7a82 elementor-widget elementor-widget-image\" data-id=\"54dd7a82\" data-element_type=\"widget\" data-widget_type=\"image.default\">\n\t\t\t\t\t\t\t\t\t\t\t\t\t\t\t<img decoding=\"async\" width=\"1024\" height=\"742\" src=\"https:\/\/padangugarazas.lt\/wp-content\/uploads\/2026\/01\/Pay_icon-1024x742.jpg\" class=\"attachment-large size-large wp-image-214\" alt=\"\" srcset=\"https:\/\/padangugarazas.lt\/wp-content\/uploads\/2026\/01\/Pay_icon-1024x742.jpg 1024w, https:\/\/padangugarazas.lt\/wp-content\/uploads\/2026\/01\/Pay_icon-300x217.jpg 300w, https:\/\/padangugarazas.lt\/wp-content\/uploads\/2026\/01\/Pay_icon-768x557.jpg 768w, https:\/\/padangugarazas.lt\/wp-content\/uploads\/2026\/01\/Pay_icon.jpg 1465w\" sizes=\"(max-width: 1024px) 100vw, 1024px\" \/>\t\t\t\t\t\t\t\t\t\t\t\t\t\t\t<\/div>\n\t\t\t\t<\/div>\n\t\t\t\t\t<\/div>\n\t\t\t\t<\/div>\n\t\t<footer class=\"elementor-element elementor-element-697e5729 e-con-full e-flex e-con e-parent\" data-id=\"697e5729\" data-element_type=\"container\">\n\t\t<div class=\"elementor-element elementor-element-55b91370 e-con-full e-flex e-con e-child\" data-id=\"55b91370\" data-element_type=\"container\">\n\t\t\t\t<div class=\"elementor-element elementor-element-38b6485a elementor-icon-list--layout-inline elementor-tablet-align-center elementor-align-center elementor-list-item-link-full_width elementor-widget elementor-widget-icon-list\" data-id=\"38b6485a\" data-element_type=\"widget\" data-widget_type=\"icon-list.default\">\n\t\t\t\t\t\t\t<ul class=\"elementor-icon-list-items elementor-inline-items\">\n\t\t\t\t\t\t\t<li class=\"elementor-icon-list-item elementor-inline-item\">\n\t\t\t\t\t\t\t\t\t\t<span class=\"elementor-icon-list-text\">Tel.: +370 609 01250<\/span>\n\t\t\t\t\t\t\t\t\t<\/li>\n\t\t\t\t\t\t\t\t<li class=\"elementor-icon-list-item elementor-inline-item\">\n\t\t\t\t\t\t\t\t\t\t<span class=\"elementor-icon-list-text\">Kur\u0161i\u0173 g 7. Kaunas 48107 <\/span>\n\t\t\t\t\t\t\t\t\t<\/li>\n\t\t\t\t\t\t\t\t<li class=\"elementor-icon-list-item elementor-inline-item\">\n\t\t\t\t\t\t\t\t\t\t<span class=\"elementor-icon-list-text\">I-V 9:00 - 18:00  VI 9:00 - 14:00PM<\/span>\n\t\t\t\t\t\t\t\t\t<\/li>\n\t\t\t\t\t\t<\/ul>\n\t\t\t\t\t\t<\/div>\n\t\t\t\t<\/div>\n\t\t\t\t<\/footer>\n\t\t<div class=\"elementor-element elementor-element-681d1ba0 e-con-full e-flex e-con e-parent\" data-id=\"681d1ba0\" data-element_type=\"container\" data-settings=\"{&quot;background_background&quot;:&quot;classic&quot;}\">\n\t\t\t\t<div class=\"elementor-element elementor-element-ad058d0 elementor-widget elementor-widget-heading\" data-id=\"ad058d0\" data-element_type=\"widget\" data-widget_type=\"heading.default\">\n\t\t\t\t\t<p class=\"elementor-heading-title elementor-size-default\">\u00a9 Visos teis\u0117s saugomos.<\/p>\t\t\t\t<\/div>\n\t\t\t\t<\/div>\n\t\t\t\t<\/div>\n\t\t","protected":false},"excerpt":{"rendered":"<p>Padang\u0173 gara\u017eas si\u016blo patog\u0173 padang\u0173 montavimo ir balansavimo servis\u0105 Kaune. M\u016bs\u0173 online registracijos sistema leid\u017eia pasirinkti Jums tinkamiausi\u0105 laik\u0105 be jokio laukimo eil\u0117se ir atsiskaityti kortele. Vos keli \u017eingsniai ir J\u016bs\u0173 automobilis pasiruo\u0161\u0119s sezonui \u2013 patogu, greita ir patikima. Sumok\u0117k vietoje telefonu su Stripe Nuskai\u010dius QR mok\u0117k kortele , Apple pay ar Google pay. Tel.: [&hellip;]<\/p>\n","protected":false},"author":1,"featured_media":0,"parent":14,"menu_order":0,"comment_status":"closed","ping_status":"closed","template":"","meta":{"footnotes":""},"class_list":["post-168","page","type-page","status-publish","hentry"],"_hostinger_reach_plugin_has_subscription_block":false,"_hostinger_reach_plugin_is_elementor":false,"_links":{"self":[{"href":"https:\/\/padangugarazas.lt\/home\/index.php?rest_route=\/wp\/v2\/pages\/168","targetHints":{"allow":["GET"]}}],"collection":[{"href":"https:\/\/padangugarazas.lt\/home\/index.php?rest_route=\/wp\/v2\/pages"}],"about":[{"href":"https:\/\/padangugarazas.lt\/home\/index.php?rest_route=\/wp\/v2\/types\/page"}],"author":[{"embeddable":true,"href":"https:\/\/padangugarazas.lt\/home\/index.php?rest_route=\/wp\/v2\/users\/1"}],"replies":[{"embeddable":true,"href":"https:\/\/padangugarazas.lt\/home\/index.php?rest_route=%2Fwp%2Fv2%2Fcomments&post=168"}],"version-history":[{"count":86,"href":"https:\/\/padangugarazas.lt\/home\/index.php?rest_route=\/wp\/v2\/pages\/168\/revisions"}],"predecessor-version":[{"id":344,"href":"https:\/\/padangugarazas.lt\/home\/index.php?rest_route=\/wp\/v2\/pages\/168\/revisions\/344"}],"up":[{"embeddable":true,"href":"https:\/\/padangugarazas.lt\/home\/index.php?rest_route=\/wp\/v2\/pages\/14"}],"wp:attachment":[{"href":"https:\/\/padangugarazas.lt\/home\/index.php?rest_route=%2Fwp%2Fv2%2Fmedia&parent=168"}],"curies":[{"name":"wp","href":"https:\/\/api.w.org\/{rel}","templated":true}]}}